{"id":1915,"date":"2023-12-08T11:12:44","date_gmt":"2023-12-08T10:12:44","guid":{"rendered":"https:\/\/jifeline.help\/?page_id=1915"},"modified":"2023-12-08T11:45:18","modified_gmt":"2023-12-08T10:45:18","slug":"datenschutz","status":"publish","type":"page","link":"https:\/\/jifeline.help\/de\/privacy\/","title":{"rendered":"Datenschutz"},"content":{"rendered":"<div data-elementor-type=\"wp-page\" data-elementor-id=\"1915\" class=\"elementor elementor-1915\" data-elementor-post-type=\"page\">\n\t\t\t\t\t\t<section class=\"elementor-section elementor-top-section elementor-element elementor-element-49e439f elementor-section-boxed elementor-section-height-default elementor-section-height-default\" data-id=\"49e439f\" data-element_type=\"section\" data-e-type=\"section\" data-settings=\"{&quot;background_background&quot;:&quot;classic&quot;}\">\n\t\t\t\t\t\t<div class=\"elementor-container elementor-column-gap-default\">\n\t\t\t\t\t<div class=\"elementor-column elementor-col-100 elementor-top-column elementor-element elementor-element-d213bdc\" data-id=\"d213bdc\" data-element_type=\"column\" data-e-type=\"column\">\n\t\t\t<div class=\"elementor-widget-wrap elementor-element-populated\">\n\t\t\t\t\t\t<div class=\"elementor-element elementor-element-fd5b26f elementor-widget elementor-widget-heading\" data-id=\"fd5b26f\" data-element_type=\"widget\" data-e-type=\"widget\" data-widget_type=\"heading.default\">\n\t\t\t\t<div class=\"elementor-widget-container\">\n\t\t\t\t\t<h1 class=\"elementor-heading-title elementor-size-default\">Datenschutz<\/h1>\t\t\t\t<\/div>\n\t\t\t\t<\/div>\n\t\t\t\t<div class=\"elementor-element elementor-element-58db61e elementor-widget elementor-widget-text-editor\" data-id=\"58db61e\" data-element_type=\"widget\" data-e-type=\"widget\" data-widget_type=\"text-editor.default\">\n\t\t\t\t<div class=\"elementor-widget-container\">\n\t\t\t\t\t\t\t\t\t<h3>Datenerfassung und -verarbeitung<\/h3>\n<h4>Datenerfassung<\/h4>\n<p>Die Datenverarbeitung auf dieser Website erfolgt durch den Betreiber der Website. Deren Kontaktdaten finden Sie im Impressum dieser Website.<\/p>\n<p>Technische Daten werden von unseren IT-Systemen erfasst. Dazu geh\u00f6ren z.B. der Internet-Browser, das Betriebssystem und der Zeitpunkt des Seitenaufrufs. Diese Daten werden automatisch erfasst, sobald Sie unsere Website betreten.<\/p>\n<p>Einige der Daten werden erhoben, um die korrekte Bereitstellung der Website zu gew\u00e4hrleisten. Andere Daten k\u00f6nnen verwendet werden, um Ihr Nutzerverhalten zu analysieren.<\/p>\n<p>Sie k\u00f6nnen unsere Website besuchen, ohne Angaben zu Ihrer Person zu machen. Wir speichern lediglich Zugriffsdaten ohne Personenbezug wie z.B. den Namen Ihres Internet Service Providers, die Seite, von der aus Sie uns besuchen oder den Namen der angeforderten Datei. Diese Daten werden ausschlie\u00dflich zur Verbesserung unseres Angebotes ausgewertet und erlauben keinen R\u00fcckschluss auf Ihre Person.<\/p>\n<p>Personenbezogene Daten werden nur erhoben, wenn Sie uns diese im Rahmen Ihrer Warenbestellung, bei Er\u00f6ffnung eines Kundenkontos, beim Ausf\u00fcllen eines Kontaktformulars oder bei der Registrierung f\u00fcr einen Newsletter freiwillig mitteilen. Wir verwenden die von Ihnen mitgeteilten Daten ohne Ihre gesonderte Einwilligung ausschlie\u00dflich zur Erf\u00fcllung und Abwicklung Ihrer Bestellung.<\/p>\n<p>Dies geschieht auf der Grundlage von Art. 6 Abs. 1 b) 1 b) GDPR, der die Verarbeitung von Daten zur Erf\u00fcllung eines Vertrages oder vorvertraglicher Ma\u00dfnahmen erlaubt. Personenbezogene Daten \u00fcber die Inanspruchnahme unserer Website (Nutzungsdaten) erheben, verarbeiten und nutzen wir nur, soweit dies erforderlich ist, um die Inanspruchnahme unseres Dienstes zu erm\u00f6glichen oder abzurechnen.<\/p>\n<h4>Datenspeicherung und Umgang mit personenbezogenen Daten<\/h4>\n<p><span class=\"\">Ihr Vertragstext wird gespeichert. Wir senden Ihnen die Bestelldaten und unsere Allgemeinen Gesch\u00e4ftsbedingungen per E-Mail zu. Sie k\u00f6nnen die AGB jederzeit einsehen\u00a0<\/span><a href=\"https:\/\/irp-cdn.multiscreensite.com\/f31c21a8\/files\/uploaded\/ALG%20VW%20Jifeline%20EN_JX5fwTdbQvZ4pp4ac6nG.pdf\" target=\"_blank\" rel=\"noopener\">hier<\/a>. Aus Sicherheitsgr\u00fcnden sind Ihre Bestelldaten nicht mehr \u00fcber das Internet zug\u00e4nglich.<\/p>\n<p>Wir geben personenbezogene Daten nur dann an Dritte weiter, wenn dies im Rahmen der Vertragsabwicklung notwendig ist, z.B. an die mit der Lieferung der Ware betrauten Unternehmen oder das mit der Zahlungsabwicklung beauftragte Kreditinstitut. Eine dar\u00fcber hinausgehende Weitergabe der Daten erfolgt nicht, es sei denn, Sie haben ausdr\u00fccklich in die Weitergabe eingewilligt. Eine Weitergabe Ihrer Daten an Dritte, z.B. zu Werbezwecken, erfolgt nicht ohne Ihre ausdr\u00fcckliche Einwilligung.<\/p>\n<p>Zur Vertragserf\u00fcllung geben wir Ihre Daten an das mit der Lieferung beauftragte Versandunternehmen weiter, soweit dies zur Lieferung der bestellten Waren notwendig ist. Je nachdem, welchen Zahlungsdienstleister Sie im Bestellprozess ausw\u00e4hlen, geben wir die hierf\u00fcr erhobenen Zahlungsdaten an das mit der Zahlung beauftragte Kreditinstitut und an einen von uns mit der Zahlungsabwicklung beauftragten Zahlungsdienstleister weiter.<\/p>\n<p>Die Grundlage f\u00fcr die Datenverarbeitung ist Art. 6 Abs. 1 b) 1 b) DSGVO, der die Verarbeitung von Daten zur Erf\u00fcllung eines Vertrags oder vorvertraglicher Ma\u00dfnahmen erlaubt.<\/p>\n<p>Mit vollst\u00e4ndiger Abwicklung des Vertrages und vollst\u00e4ndiger Kaufpreiszahlung werden Ihre Daten f\u00fcr die weitere Verwendung gesperrt und nach Ablauf der steuer- und handelsrechtlichen Vorschriften gel\u00f6scht, sofern Sie nicht ausdr\u00fccklich in die weitere Nutzung Ihrer Daten eingewilligt haben. Die L\u00f6schung Ihres Kundenkontos kann jederzeit erfolgen, entweder durch eine Nachricht an die unten beschriebene Kontaktm\u00f6glichkeit oder \u00fcber eine daf\u00fcr vorgesehene Funktion im Kundenkonto.<\/p>\n<h4>Verschl\u00fcsselung<\/h4>\n<p>Personenbezogene Daten werden unverschl\u00fcsselt \u00fcbertragen.<\/p>\n<p>Besteht nach Abschluss eines kostenpflichtigen Vertrages die Verpflichtung, uns Ihre Zahlungsdaten (z.B. Kontonummer zur Einzugserm\u00e4chtigung) mitzuteilen, werden diese Daten zur Zahlungsabwicklung ben\u00f6tigt. Der Zahlungsverkehr erfolgt unverschl\u00fcsselt.<\/p>\n<h4>Server-Protokolldateien<\/h4>\n<p>Der Provider der Seiten erhebt und speichert automatisch Informationen in so genannten Server-Log-Files, die Ihr Browser automatisch an uns \u00fcbermittelt, und zwar:<\/p>\n<ul class=\"defaultList\">\n<li>Browsertyp und Browserversion;<\/li>\n<li>verwendetes Betriebssystem;<\/li>\n<li>Referrer-URL;<\/li>\n<li>Hostname des zugreifenden Computers;<\/li>\n<li>Zeitpunkt der Serveranfrage;<\/li>\n<li>IP-Adresse.<\/li>\n<\/ul>\n<p>Eine Zusammenf\u00fchrung dieser Daten mit anderen Datenquellen wird nicht vorgenommen.<\/p>\n<p>Die Grundlage f\u00fcr die Datenverarbeitung ist Art. 6 Abs. 1 b) 1 b) DSGVO, der die Verarbeitung von Daten zum Zwecke der Erf\u00fcllung eines Vertrags oder vorvertraglicher Ma\u00dfnahmen erlaubt.<\/p>\n<h3>Obligatorische Informationen und allgemeine Informationen<\/h3>\n<h4>Informationen \u00fcber die zust\u00e4ndige Stelle<\/h4>\n<p>Die verantwortliche Stelle ist die nat\u00fcrliche oder juristische Person, die allein oder zusammen mit anderen \u00fcber die Zwecke und Mittel der Verarbeitung personenbezogener Daten (z. B. Namen, E-Mail-Adressen) entscheidet.<\/p>\n<p>Der Verantwortliche f\u00fcr die Datenverarbeitung auf dieser Website (Inhaber der Datenverarbeitung) ist der Gesch\u00e4ftsf\u00fchrer (siehe Impressum).<\/p>\n<p><span class=\"\">Die f\u00fcr den Datenschutz zust\u00e4ndige Aufsichtsbeh\u00f6rde f\u00fcr Unternehmen mit Hauptsitz in den Niederlanden ist\u00a0<\/span><a href=\"https:\/\/autoriteitpersoonsgegevens.nl\/en\/contact-dutch-dpa\/contact-us\" target=\"_blank\" rel=\"noopener\">Autoriteit Persoonsgegevens (niederl\u00e4ndische Beh\u00f6rde f\u00fcr personenbezogene Daten)<\/a><span class=\"\">Sie k\u00f6nnen diese Beh\u00f6rde auch \u00fcber den Datenschutzbeauftragten Ihres Landes kontaktieren. Eine Liste der Datenschutzbeauftragten und ihrer Kontaktdaten finden Sie hier\u00a0<\/span><a href=\"https:\/\/www.bfdi.bund.de\/EN\/Service\/Contact\/contact.html?nn=10396540\" target=\"_blank\" rel=\"noopener\">hier<\/a>.<\/p>\n<h4>Datenschutzbeauftragter<\/h4>\n<p>Aufgrund der f\u00fcr uns geltenden gesetzlichen Bestimmungen sind wir nicht verpflichtet, einen Datenschutzbeauftragten zu bestellen, und wir haben auch keinen Datenschutzbeauftragten bestellt.<\/p>\n<h4>Kontakt-Formular<\/h4>\n<p>Wenn Sie uns per Kontaktformular Anfragen zukommen lassen, werden Ihre Angaben aus dem Anfrageformular inklusive der von Ihnen dort angegebenen Kontaktdaten zwecks Bearbeitung der Anfrage und f\u00fcr den Fall von Anschlussfragen bei uns gespeichert. Diese Daten geben wir nicht ohne Ihre Einwilligung weiter.<\/p>\n<p>Die Verarbeitung der in das Kontaktformular eingegebenen Daten erfolgt ausschlie\u00dflich auf Grundlage Ihrer Einwilligung (Art. 6 Abs. 1 a) GDPR). Diese Einwilligung k\u00f6nnen Sie jederzeit widerrufen. Hierzu gen\u00fcgt eine formlose E-Mail an uns. Die Rechtm\u00e4\u00dfigkeit der bis zum Widerruf erfolgten Datenverarbeitungsvorg\u00e4nge bleibt vom Widerruf unber\u00fchrt.<\/p>\n<p>Die von Ihnen im Kontaktformular eingegebenen Daten verbleiben bei uns, bis Sie uns zur L\u00f6schung auffordern, Ihre Einwilligung zur Speicherung widerrufen oder der Zweck f\u00fcr die Datenspeicherung entf\u00e4llt (z.B. nach Bearbeitung Ihrer Anfrage). Zwingende gesetzliche Bestimmungen - insbesondere Aufbewahrungsfristen - bleiben hiervon unber\u00fchrt.<\/p>\n<h4>Entzug der Zustimmung<\/h4>\n<p>Einige Datenverarbeitungsvorg\u00e4nge sind nur mit Ihrer ausdr\u00fccklichen Zustimmung m\u00f6glich. Sie k\u00f6nnen Ihre Einwilligung jederzeit mit Wirkung zum Zeitpunkt des Widerrufs widerrufen. Hierzu gen\u00fcgt eine formlose E-Mail an uns. Die Rechtm\u00e4\u00dfigkeit der bis zum Widerruf erfolgten Datenverarbeitung bleibt vom Widerruf unber\u00fchrt.<\/p>\n<h4>Recht auf Einreichung einer Beschwerde bei der zust\u00e4ndigen Aufsichtsbeh\u00f6rde<\/h4>\n<p><span class=\"\">Bei Verst\u00f6\u00dfen gegen das Datenschutzrecht hat die betroffene Person das Recht, eine Beschwerde bei der zust\u00e4ndigen Aufsichtsbeh\u00f6rde einzureichen. Die f\u00fcr uns zust\u00e4ndige Aufsichtsbeh\u00f6rde f\u00fcr Datenschutzfragen ist\u00a0<\/span><a href=\"https:\/\/autoriteitpersoonsgegevens.nl\/en\/contact-dutch-dpa\/contact-us\" target=\"_blank\" rel=\"noopener\">Autoriteit Persoonsgegevens (Niederl\u00e4ndische Beh\u00f6rde f\u00fcr personenbezogene Daten)<\/a><span class=\"\">. Sie k\u00f6nnen diese Beh\u00f6rde auch \u00fcber den Datenschutzbeauftragten Ihres Landes kontaktieren. Eine Liste der Datenschutzbeauftragten und ihrer Kontaktdaten finden Sie hier\u00a0<\/span><a href=\"https:\/\/www.bfdi.bund.de\/EN\/Service\/Contact\/contact.html?nn=10396540\" target=\"_blank\" rel=\"noopener\">hier<\/a>.<\/p>\n<h4>Recht auf Daten\u00fcbertragbarkeit<\/h4>\n<p>Sie haben das Recht, Daten, die wir aufgrund Ihrer Einwilligung oder in Erf\u00fcllung eines Vertrages automatisiert verarbeiten, an Sie oder an einen Dritten in einem g\u00e4ngigen, maschinenlesbaren Format aush\u00e4ndigen zu lassen. Wenn Sie die direkte \u00dcbermittlung der Daten an einen anderen f\u00fcr die Verarbeitung Verantwortlichen verlangen, erfolgt dies nur, wenn es technisch machbar ist.<\/p>\n<h4>Information, Sperrung, L\u00f6schung<\/h4>\n<p>Sie haben im Rahmen der geltenden gesetzlichen Bestimmungen jederzeit das Recht auf unentgeltliche Auskunft \u00fcber Ihre gespeicherten personenbezogenen Daten, deren Herkunft und Empf\u00e4nger und den Zweck der Datenverarbeitung sowie ggf. ein Recht auf Berichtigung, Sperrung oder L\u00f6schung dieser Daten. Hierzu sowie zu weiteren Fragen zum Thema personenbezogene Daten k\u00f6nnen Sie sich jederzeit unter der im Impressum angegebenen Adresse an uns wenden.<\/p>\n<h4>Recht auf Einschr\u00e4nkung der Verarbeitung<\/h4>\n<p>Sie haben das Recht, die Einschr\u00e4nkung der Verarbeitung Ihrer personenbezogenen Daten gem\u00e4\u00df Art. 18 GDPR zu verlangen, wenn:<\/p>\n<ul class=\"defaultList\">\n<li>Sie bestreiten die Richtigkeit der Daten;<\/li>\n<li>die Verarbeitung unrechtm\u00e4\u00dfig ist, Sie sich aber weigern, die Daten zu l\u00f6schen;<\/li>\n<li>wir die Daten nicht mehr ben\u00f6tigen, Sie sie aber zur Geltendmachung, Aus\u00fcbung oder Verteidigung von Rechtsanspr\u00fcchen ben\u00f6tigen; oder<\/li>\n<li>Sie haben Widerspruch gegen die Verarbeitung gem\u00e4\u00df Art. 21 DSGVO eingelegt.<\/li>\n<\/ul>\n<h4>Werbe-E-Mails und Einw\u00e4nde<\/h4>\n<p>Bei Anmeldung zum Newsletter wird Ihre E-Mail-Adresse mit Ihrer gesondert erkl\u00e4rten Einwilligung f\u00fcr eigene Werbezwecke genutzt, bis Sie sich vom Newsletter abmelden. Wenn Sie sich f\u00fcr unseren Newsletter anmelden, nutzen wir die hierf\u00fcr erforderlichen oder von Ihnen gesondert mitgeteilten Daten, um Ihnen regelm\u00e4\u00dfig unseren E-Mail-Newsletter zuzusenden. Ihre E-Mail-Adresse wird nicht an andere Unternehmen zu Werbezwecken weitergegeben. Sie k\u00f6nnen den Newsletter jederzeit wieder abbestellen, indem Sie eine Nachricht an die unten beschriebene Kontaktm\u00f6glichkeit senden oder den im Newsletter angegebenen Link nutzen.<\/p>\n<p>Der Nutzung von im Rahmen der Impressumspflicht ver\u00f6ffentlichten Kontaktdaten durch Dritte zur \u00dcbersendung von nicht ausdr\u00fccklich angeforderter Werbung und Informationsmaterialien wird hiermit widersprochen. Die Betreiber der Seiten behalten sich ausdr\u00fccklich rechtliche Schritte im Falle der unverlangten Zusendung von Werbeinformationen, etwa durch Spam-Mails, vor.<\/p>\n<h4>MailChimp<\/h4>\n<p>Diese Website nutzt die Dienste von MailChimp f\u00fcr den Versand von Newslettern. Der Anbieter ist Rocket Science Group LLC, 675 Ponce De Leon Ave NE, Suite 5000, Atlanta, GA 30308, USA.<\/p>\n<p>MailChimp ist ein Dienst, mit dem u.a. der Versand von Newslettern organisiert und ausgewertet werden kann. Wenn Sie Daten f\u00fcr den Empfang des Newsletters eingeben (z.B. E-Mail-Adresse), werden diese auf den Servern von MailChimp in den USA gespeichert.<\/p>\n<p>MailChimp ist nach dem \"EU-US Privacy Shield\" zertifiziert. Das \"Privacy Shield\" ist ein Abkommen zwischen der Europ\u00e4ischen Union (EU) und den USA, das die Einhaltung der europ\u00e4ischen Datenschutzstandards in den USA sicherstellen soll.<\/p>\n<p>Mit Hilfe von MailChimp k\u00f6nnen wir unsere Newsletter-Kampagnen auswerten. Wenn Sie eine mit MailChimp versandte E-Mail \u00f6ffnen, verbindet sich eine in der E-Mail enthaltene Datei (ein \"Web Beacon\") mit den Servern von MailChimp in den USA. Auf diese Weise kann festgestellt werden, ob eine Newsletter-Nachricht ge\u00f6ffnet wurde und welche Links angeklickt wurden. Zudem werden technische Informationen erfasst (z.B. Zeitpunkt des Zugriffs, IP-Adresse, Browsertyp und Betriebssystem). Diese Informationen sind nicht dem jeweiligen Empf\u00e4nger des Newsletters zuzuordnen. Sie werden ausschlie\u00dflich zur statistischen Auswertung der Newsletter-Kampagnen verwendet. Die Ergebnisse dieser Analysen k\u00f6nnen genutzt werden, um zuk\u00fcnftige Newsletter besser an die Interessen der Empf\u00e4nger anzupassen.<\/p>\n<p>Wenn Sie eine Analyse durch MailChimp nicht w\u00fcnschen, m\u00fcssen Sie sich vom Newsletter abmelden. Zu diesem Zweck stellen wir in jeder Newsletter-Nachricht einen entsprechenden Link zur Verf\u00fcgung. Sie k\u00f6nnen den Newsletter auch direkt auf der Website abbestellen.<\/p>\n<p>Die Datenverarbeitung erfolgt auf Grundlage Ihrer Einwilligung (Art. 6 Abs. 1 a) GDPR). Sie k\u00f6nnen diese Einwilligung jederzeit widerrufen, indem Sie sich vom Newsletter abmelden. Die Rechtm\u00e4\u00dfigkeit der bereits erfolgten Datenverarbeitung bleibt vom Widerruf unber\u00fchrt.<\/p>\n<p><span class=\"\">Die Daten, die Sie bei uns zum Zwecke der Anmeldung zum Newsletter gespeichert haben, werden von uns bis zu Ihrer Abmeldung vom Newsletter gespeichert und nach Ihrer Abmeldung vom Newsletter sowohl von unseren Servern als auch von den Servern von MailChimp gel\u00f6scht. Daten, die wir zu anderen Zwecken gespeichert haben (z.B. E-Mail-Adressen f\u00fcr den Mitgliederbereich) bleiben hiervon unber\u00fchrt. Weitere Informationen finden Sie in der\u00a0<\/span><a href=\"https:\/\/mailchimp.com\/legal\/terms\/\" target=\"_blank\" rel=\"noopener\">MailChimp Datenschutzrichtlinie<\/a>.<\/p>\n<h4>Abschluss einer Vereinbarung \u00fcber die Datenverarbeitung<\/h4>\n<p>Wir haben mit MailChimp einen \"Datenverarbeitungsvertrag\" abgeschlossen, in dem wir MailChimp verpflichten, die Daten unserer Kunden zu sch\u00fctzen und nicht an Dritte weiterzugeben.<\/p>\n<h3>Zahlungsanbieter<\/h3>\n<h4>SEPA-Lastschriftverfahren<\/h4>\n<p>Bei Auswahl der Zahlungsart Lastschrift und \u00dcbermittlung der Bankverbindung des Kunden wird dem Verk\u00e4ufer eine widerrufliche Erm\u00e4chtigung erteilt, den Rechnungsbetrag von dem vom Kunden angegebenen Konto einzuziehen. Wird die Lastschrift mangels Deckung des Kontos oder wegen Angabe einer falschen Bankverbindung nicht eingel\u00f6st oder widerspricht der Kunde der Abbuchung, obwohl er dazu nicht berechtigt ist, hat der Kunde die durch die R\u00fcckbuchung entstehenden Geb\u00fchren des jeweiligen Kreditinstituts zu tragen, wenn er dies zu vertreten hat. Die Abbuchung von Ihrem Konto erfolgt mit Abschluss der Bestellung. Wenn Sie der Abbuchung widersprechen m\u00f6chten, bitten wir Sie, sich telefonisch oder per E-Mail mit uns in Verbindung zu setzen. Bei R\u00fccksendung der Ware wird der Betrag Ihrem Girokonto wieder gutgeschrieben.<\/p>\n<p>Ihre Anliegen werden nach Ma\u00dfgabe der gesetzlichen Bestimmungen ber\u00fccksichtigt. Die Rechtsgrundlage f\u00fcr die \u00dcbermittlung Ihrer Daten ist Art. 6 Abs. 1a) GDPR (Einwilligung), Art. 6 Abs. 1 b) GDPR (Verarbeitung zur Erf\u00fcllung eines Vertrags) und Art. 6 Abs. 1 f) GDPR (Wahrung berechtigter Interessen im Falle einer Vorauszahlung).<\/p>\n<p>Die Zustimmung, die Sie uns oder Adebio erteilen oder erteilt haben, kann jederzeit mit Wirkung zum Zeitpunkt des Widerrufs widerrufen werden.<\/p>\n<h4>Analysetools und soziale Netzwerke<\/h4>\n<p>Wir verwenden keine Analysetools und setzen keine Cookies.<\/p>\n<p>Es werden keine Plugins oder Cookies von sozialen Netzwerken verwendet.<\/p>\n<h4>Kontaktperson f\u00fcr den Datenschutz<\/h4>\n<p>Bei Fragen zur Erhebung, Verarbeitung oder Nutzung Ihrer personenbezogenen Daten, bei Ausk\u00fcnften, Berichtigung, Sperrung oder L\u00f6schung von Daten sowie Widerruf erteilter Einwilligungen wenden Sie sich bitte an uns unter den im Impressum angegebenen Kommunikationsdaten.<\/p>\n\t\t\t\t\t\t\t\t<\/div>\n\t\t\t\t<\/div>\n\t\t\t\t\t<\/div>\n\t\t<\/div>\n\t\t\t\t\t<\/div>\n\t\t<\/section>\n\t\t\t\t<\/div>","protected":false},"excerpt":{"rendered":"","protected":false},"author":1,"featured_media":0,"parent":0,"menu_order":0,"comment_status":"closed","ping_status":"closed","template":"","meta":{"footnotes":""},"class_list":["post-1915","page","type-page","status-publish","hentry"],"_links":{"self":[{"href":"https:\/\/jifeline.help\/de\/wp-json\/wp\/v2\/pages\/1915","targetHints":{"allow":["GET"]}}],"collection":[{"href":"https:\/\/jifeline.help\/de\/wp-json\/wp\/v2\/pages"}],"about":[{"href":"https:\/\/jifeline.help\/de\/wp-json\/wp\/v2\/types\/page"}],"author":[{"embeddable":true,"href":"https:\/\/jifeline.help\/de\/wp-json\/wp\/v2\/users\/1"}],"replies":[{"embeddable":true,"href":"https:\/\/jifeline.help\/de\/wp-json\/wp\/v2\/comments?post=1915"}],"version-history":[{"count":5,"href":"https:\/\/jifeline.help\/de\/wp-json\/wp\/v2\/pages\/1915\/revisions"}],"predecessor-version":[{"id":1939,"href":"https:\/\/jifeline.help\/de\/wp-json\/wp\/v2\/pages\/1915\/revisions\/1939"}],"wp:attachment":[{"href":"https:\/\/jifeline.help\/de\/wp-json\/wp\/v2\/media?parent=1915"}],"curies":[{"name":"wp","href":"https:\/\/api.w.org\/{rel}","templated":true}]}}